{"id":1263,"date":"2023-06-29T17:00:24","date_gmt":"2023-06-29T15:00:24","guid":{"rendered":"https:\/\/www.prolococastellanagrotte.it\/?page_id=1263"},"modified":"2024-10-30T12:04:11","modified_gmt":"2024-10-30T11:04:11","slug":"masseria-andriani","status":"publish","type":"page","link":"https:\/\/www.prolococastellanagrotte.it\/fr\/masseria-andriani\/","title":{"rendered":"Masseria Andriani"},"content":{"rendered":"<div class=\"vc_row wpb_row vc_row-fluid\"><div class=\"wpb_column vc_column_container vc_col-sm-2\"><div class=\"vc_column-inner\"><div class=\"wpb_wrapper\"><\/div><\/div><\/div><div class=\"wpb_column vc_column_container vc_col-sm-8\"><div class=\"vc_column-inner\"><div class=\"wpb_wrapper\">\n\t<div  class=\"wpb_single_image wpb_content_element vc_align_left\">\n\t\t\n\t\t<figure class=\"wpb_wrapper vc_figure\">\n\t\t\t<div class=\"vc_single_image-wrapper   vc_box_border_grey\"><img loading=\"lazy\" decoding=\"async\" width=\"2040\" height=\"1536\" src=\"https:\/\/www.prolococastellanagrotte.it\/wp-content\/uploads\/2024\/10\/masseria.jpg\" class=\"vc_single_image-img attachment-full\" alt=\"\" srcset=\"https:\/\/www.prolococastellanagrotte.it\/wp-content\/uploads\/2024\/10\/masseria.jpg 2040w, https:\/\/www.prolococastellanagrotte.it\/wp-content\/uploads\/2024\/10\/masseria-300x226.jpg 300w, https:\/\/www.prolococastellanagrotte.it\/wp-content\/uploads\/2024\/10\/masseria-1024x771.jpg 1024w, https:\/\/www.prolococastellanagrotte.it\/wp-content\/uploads\/2024\/10\/masseria-768x578.jpg 768w, https:\/\/www.prolococastellanagrotte.it\/wp-content\/uploads\/2024\/10\/masseria-1536x1157.jpg 1536w, https:\/\/www.prolococastellanagrotte.it\/wp-content\/uploads\/2024\/10\/masseria-16x12.jpg 16w\" sizes=\"auto, (max-width: 2040px) 100vw, 2040px\" \/><\/div>\n\t\t<\/figure>\n\t<\/div>\n<div class=\"vc_empty_space\"   style=\"height: 32px\"><span class=\"vc_empty_space_inner\"><\/span><\/div><\/div><\/div><\/div><div class=\"wpb_column vc_column_container vc_col-sm-2\"><div class=\"vc_column-inner\"><div class=\"wpb_wrapper\"><\/div><\/div><\/div><\/div><div class=\"vc_row wpb_row vc_row-fluid\"><div class=\"wpb_column vc_column_container vc_col-sm-2\"><div class=\"vc_column-inner\"><div class=\"wpb_wrapper\"><\/div><\/div><\/div><div class=\"wpb_column vc_column_container vc_col-sm-8\"><div class=\"vc_column-inner\"><div class=\"wpb_wrapper\">\n\t<div class=\"wpb_text_column wpb_content_element\" >\n\t\t<div class=\"wpb_wrapper\">\n\t\t\t<p style=\"text-align: justify;\"><span style=\"font-size: 14pt;\">\u00c0 quelques pas des grottes de Castellana (Ba), une destination touristique populaire, un tr\u00e9sor d&#039;histoire, nous parlons de la Masseria Andriani, dans le quartier de la Grave, route municipale de Ferrone au num\u00e9ro 10.<\/span><br \/>\n<span style=\"font-size: 14pt;\">La Pro Loco locale \u00ab Don Nicola Pellegrino \u00bb, depuis mars 2023 a choisi de rouvrir les portes d&#039;un lieu symbolique trop longtemps ferm\u00e9 ; histoire, culture caract\u00e9ristique de la r\u00e9gion, une ancienne ferme datant du d\u00e9but des ann\u00e9es 1700, typique de la Vall\u00e9e d&#039;Itria, qui caract\u00e9rise de mani\u00e8re pr\u00e9cieuse le paysage des Pouilles. Propri\u00e9t\u00e9 de la famille Mastrangelo qui, avec une aimable concession, permet \u00e0 la ville Pro Loco de valoriser les diff\u00e9rents environnements, en racontant \u00e0 la fois l&#039;histoire de la structure architecturale et toutes les caract\u00e9ristiques fonctionnelles de la ferme.<\/span><\/p>\n<p style=\"text-align: justify;\"><span style=\"font-size: 14pt;\">La ferme propose \u00e0 nouveau le sch\u00e9ma avec une cour agricole de tradition m\u00e9diterran\u00e9enne, surplomb\u00e9e par les entr\u00e9es des diff\u00e9rentes pi\u00e8ces. Une masseria unique compos\u00e9e de diff\u00e9rentes parties de b\u00e2timents utilis\u00e9es au fil du temps pour diff\u00e9rentes fonctions, \u00e9curie, cuisine, remise, cave, meule, logement principal, au premier \u00e9tage, et pour les agriculteurs au rez-de-chauss\u00e9e. C&#039;\u00e9tait une maison, une ferme et une ferme d&#039;\u00e9levage, avec des produits toujours pr\u00eats et vendus dans de nombreux quartiers voisins. Environnements de travail continu pour la production de produits typiques, du lait des \u00e9tables \u00e0 la r\u00e9colte des sem\u00e9s, en passant par les produits du four avec puits et citernes pour la collecte de l&#039;eau et la conservation des produits : une organisation parfaite pour une vie difficile, mais bien structur\u00e9e.<\/span><\/p>\n<p style=\"text-align: justify;\"><span style=\"font-size: 14pt;\">Selon les \u00e9tudes de l&#039;historien Dr. \u00c0 l&#039;int\u00e9rieur de Marco Lanera, incorpor\u00e9e dans la structure, il y avait au rez-de-chauss\u00e9e une chapelle d\u00e9di\u00e9e \u00e0 San Francesco dei Cappuccini, qui n&#039;est plus pr\u00e9sente aujourd&#039;hui mais que nous avons l&#039;intention de r\u00e9organiser et de reproduire selon la description qui est parvenue jusqu&#039;\u00e0 nos jours.<\/span><\/p>\n<p style=\"text-align: justify;\"><span style=\"font-size: 14pt;\">Un lieu \u00e9galement mentionn\u00e9 par le sp\u00e9cialiste de l&#039;histoire locale Donato Mastromarino, qui en parle dans le premier volume de &quot;Castellana hors et \u00e0 l&#039;int\u00e9rieur des murs&quot; \u00e9ditions Congedo editore.<\/span><\/p>\n\n\t\t<\/div>\n\t<\/div>\n<\/div><\/div><\/div><\/div><div class=\"vc_row wpb_row vc_row-fluid\"><div class=\"wpb_column vc_column_container vc_col-sm-3\"><div class=\"vc_column-inner\"><div class=\"wpb_wrapper\"><\/div><\/div><\/div><div class=\"wpb_column vc_column_container vc_col-sm-6\"><div class=\"vc_column-inner\"><div class=\"wpb_wrapper\"><div class=\"wpb_gallery wpb_content_element vc_clearfix\" ><div class=\"wpb_wrapper\"><div class=\"wpb_gallery_slides wpb_slider_nivo theme-default\" data-interval=\"3\"><div class=\"nivoSlider\"><a class=\"\" href=\"https:\/\/www.prolococastellanagrotte.it\/wp-content\/uploads\/2024\/10\/Classi-quinte-alberghiero-1024x461.jpg\" data-lightbox=\"lightbox[rel-1263-1655810850]\"><img loading=\"lazy\" decoding=\"async\" class=\"\" src=\"https:\/\/www.prolococastellanagrotte.it\/wp-content\/uploads\/2024\/10\/Classi-quinte-alberghiero-1000x550.jpg\" width=\"1000\" height=\"550\" alt=\"Classi quinte alberghiero\" title=\"Classi quinte alberghiero\" \/><\/a><a class=\"\" href=\"https:\/\/www.prolococastellanagrotte.it\/wp-content\/uploads\/2024\/10\/1722347931219-1024x768.jpg\" data-lightbox=\"lightbox[rel-1263-1655810850]\"><img loading=\"lazy\" decoding=\"async\" class=\"\" src=\"https:\/\/www.prolococastellanagrotte.it\/wp-content\/uploads\/2024\/10\/1722347931219-scaled-1000x550.jpg\" width=\"1000\" height=\"550\" alt=\"1722347931219\" title=\"1722347931219\" \/><\/a><a class=\"\" href=\"https:\/\/www.prolococastellanagrotte.it\/wp-content\/uploads\/2024\/10\/1722707842351-1024x768.jpg\" data-lightbox=\"lightbox[rel-1263-1655810850]\"><img loading=\"lazy\" decoding=\"async\" class=\"\" src=\"https:\/\/www.prolococastellanagrotte.it\/wp-content\/uploads\/2024\/10\/1722707842351-1000x550.jpg\" width=\"1000\" height=\"550\" alt=\"1722707842351\" title=\"1722707842351\" \/><\/a><a class=\"\" href=\"https:\/\/www.prolococastellanagrotte.it\/wp-content\/uploads\/2024\/10\/1722707906138-1024x768.jpg\" data-lightbox=\"lightbox[rel-1263-1655810850]\"><img loading=\"lazy\" decoding=\"async\" class=\"\" src=\"https:\/\/www.prolococastellanagrotte.it\/wp-content\/uploads\/2024\/10\/1722707906138-1000x550.jpg\" width=\"1000\" height=\"550\" alt=\"1722707906138\" title=\"1722707906138\" \/><\/a><a class=\"\" href=\"https:\/\/www.prolococastellanagrotte.it\/wp-content\/uploads\/2024\/10\/1722710013856-1024x771.jpg\" data-lightbox=\"lightbox[rel-1263-1655810850]\"><img loading=\"lazy\" decoding=\"async\" class=\"\" src=\"https:\/\/www.prolococastellanagrotte.it\/wp-content\/uploads\/2024\/10\/1722710013856-1000x550.jpg\" width=\"1000\" height=\"550\" alt=\"1722710013856\" title=\"1722710013856\" \/><\/a><\/div><\/div><\/div><\/div><\/div><\/div><\/div><div class=\"wpb_column vc_column_container vc_col-sm-3\"><div class=\"vc_column-inner\"><div class=\"wpb_wrapper\"><\/div><\/div><\/div><\/div><div class=\"vc_row wpb_row vc_row-fluid\"><div class=\"wpb_column vc_column_container vc_col-sm-2\"><div class=\"vc_column-inner\"><div class=\"wpb_wrapper\"><\/div><\/div><\/div><div class=\"wpb_column vc_column_container vc_col-sm-8\"><div class=\"vc_column-inner\"><div class=\"wpb_wrapper\">\n\t<div class=\"wpb_text_column wpb_content_element\" >\n\t\t<div class=\"wpb_wrapper\">\n\t\t\t<p style=\"text-align: center;\"><span style=\"font-size: 16pt;\"><strong>Faites vous aussi une Bonne Action, contactez-nous pour la recevoir ! <a href=\"mailto:prolococastellanagrotte@gmail.com?subject=Contributo Masseria Andriani&amp;body=Vorrei darvi il mio contributo volontario.\">Cliquez ici<\/a><\/strong><\/span><\/p>\n\n\t\t<\/div>\n\t<\/div>\n\n\t<div  class=\"wpb_single_image wpb_content_element vc_align_left\">\n\t\t\n\t\t<figure class=\"wpb_wrapper vc_figure\">\n\t\t\t<a class=\"\" data-lightbox=\"lightbox[rel-1263-131860747]\" href=\"https:\/\/www.prolococastellanagrotte.it\/wp-content\/uploads\/2023\/07\/masseria_andriani_offerta-1024x734.jpg\" target=\"_self\"><img loading=\"lazy\" decoding=\"async\" width=\"1600\" height=\"1147\" src=\"https:\/\/www.prolococastellanagrotte.it\/wp-content\/uploads\/2023\/07\/masseria_andriani_offerta.jpg\" class=\"vc_single_image-img attachment-full\" alt=\"\" srcset=\"https:\/\/www.prolococastellanagrotte.it\/wp-content\/uploads\/2023\/07\/masseria_andriani_offerta.jpg 1600w, https:\/\/www.prolococastellanagrotte.it\/wp-content\/uploads\/2023\/07\/masseria_andriani_offerta-300x215.jpg 300w, https:\/\/www.prolococastellanagrotte.it\/wp-content\/uploads\/2023\/07\/masseria_andriani_offerta-1024x734.jpg 1024w, https:\/\/www.prolococastellanagrotte.it\/wp-content\/uploads\/2023\/07\/masseria_andriani_offerta-768x551.jpg 768w, https:\/\/www.prolococastellanagrotte.it\/wp-content\/uploads\/2023\/07\/masseria_andriani_offerta-1536x1101.jpg 1536w, https:\/\/www.prolococastellanagrotte.it\/wp-content\/uploads\/2023\/07\/masseria_andriani_offerta-18x12.jpg 18w\" sizes=\"auto, (max-width: 1600px) 100vw, 1600px\" \/><\/a>\n\t\t<\/figure>\n\t<\/div>\n<\/div><\/div><\/div><div class=\"wpb_column vc_column_container vc_col-sm-2\"><div class=\"vc_column-inner\"><div class=\"wpb_wrapper\"><\/div><\/div><\/div><\/div><div class=\"vc_row wpb_row vc_row-fluid\"><div class=\"wpb_column vc_column_container vc_col-sm-12\"><div class=\"vc_column-inner\"><div class=\"wpb_wrapper\">\n\t<div class=\"wpb_text_column wpb_content_element\" >\n\t\t<div class=\"wpb_wrapper\">\n\t\t\t<p style=\"text-align: center;\"><span style=\"font-size: 18pt;\">LA FERME<\/span><\/p>\n\n\t\t<\/div>\n\t<\/div>\n<\/div><\/div><\/div><\/div><div class=\"vc_row wpb_row vc_row-fluid\"><div class=\"wpb_column vc_column_container vc_col-sm-4\"><div class=\"vc_column-inner\"><div class=\"wpb_wrapper\"><\/div><\/div><\/div><div class=\"wpb_column vc_column_container vc_col-sm-4\"><div class=\"vc_column-inner\"><div class=\"wpb_wrapper\">\n\t<div  class=\"wpb_single_image wpb_content_element vc_align_left\">\n\t\t\n\t\t<figure class=\"wpb_wrapper vc_figure\">\n\t\t\t<div class=\"vc_single_image-wrapper   vc_box_border_grey\"><img loading=\"lazy\" decoding=\"async\" width=\"1600\" height=\"1066\" src=\"https:\/\/www.prolococastellanagrotte.it\/wp-content\/uploads\/2023\/06\/masseria1.jpg\" class=\"vc_single_image-img attachment-full\" alt=\"\" srcset=\"https:\/\/www.prolococastellanagrotte.it\/wp-content\/uploads\/2023\/06\/masseria1.jpg 1600w, https:\/\/www.prolococastellanagrotte.it\/wp-content\/uploads\/2023\/06\/masseria1-300x200.jpg 300w, https:\/\/www.prolococastellanagrotte.it\/wp-content\/uploads\/2023\/06\/masseria1-1024x682.jpg 1024w, https:\/\/www.prolococastellanagrotte.it\/wp-content\/uploads\/2023\/06\/masseria1-768x512.jpg 768w, https:\/\/www.prolococastellanagrotte.it\/wp-content\/uploads\/2023\/06\/masseria1-1536x1023.jpg 1536w, https:\/\/www.prolococastellanagrotte.it\/wp-content\/uploads\/2023\/06\/masseria1-18x12.jpg 18w\" sizes=\"auto, (max-width: 1600px) 100vw, 1600px\" \/><\/div>\n\t\t<\/figure>\n\t<\/div>\n<\/div><\/div><\/div><div class=\"wpb_column vc_column_container vc_col-sm-4\"><div class=\"vc_column-inner\"><div class=\"wpb_wrapper\"><\/div><\/div><\/div><\/div><div class=\"vc_row wpb_row vc_row-fluid\"><div class=\"wpb_column vc_column_container vc_col-sm-12\"><div class=\"vc_column-inner\"><div class=\"wpb_wrapper\">\n\t<div class=\"wpb_text_column wpb_content_element\" >\n\t\t<div class=\"wpb_wrapper\">\n\t\t\t<p style=\"text-align: center;\"><span style=\"font-size: 18pt;\">GALERIE DE PHOTOS<br \/>\n<\/span><\/p>\n\n\t\t<\/div>\n\t<\/div>\n<\/div><\/div><\/div><\/div><div class=\"vc_row wpb_row vc_row-fluid\"><div class=\"wpb_column vc_column_container vc_col-sm-2\"><div class=\"vc_column-inner\"><div class=\"wpb_wrapper\"><\/div><\/div><\/div><div class=\"wpb_column vc_column_container vc_col-sm-8\"><div class=\"vc_column-inner\"><div class=\"wpb_wrapper\"><div class=\"wpb_gallery wpb_content_element vc_clearfix\" ><div class=\"wpb_wrapper\"><div class=\"wpb_gallery_slides wpb_image_grid\" data-interval=\"3\"><ul class=\"wpb_image_grid_ul\"><li class=\"isotope-item\"><a class=\"\" href=\"https:\/\/www.prolococastellanagrotte.it\/wp-content\/uploads\/2023\/11\/2-1024x771.jpg\" data-lightbox=\"lightbox[rel-1263-3522425936]\"><img loading=\"lazy\" decoding=\"async\" class=\"\" src=\"https:\/\/www.prolococastellanagrotte.it\/wp-content\/uploads\/2023\/11\/2-400x400.jpg\" width=\"400\" height=\"400\" alt=\"2\" title=\"2\" \/><\/a><\/li><li class=\"isotope-item\"><a class=\"\" href=\"https:\/\/www.prolococastellanagrotte.it\/wp-content\/uploads\/2024\/10\/1693531029002-1024x771.jpg\" data-lightbox=\"lightbox[rel-1263-3522425936]\"><img loading=\"lazy\" decoding=\"async\" class=\"\" src=\"https:\/\/www.prolococastellanagrotte.it\/wp-content\/uploads\/2024\/10\/1693531029002-400x400.jpg\" width=\"400\" height=\"400\" alt=\"1693531029002\" title=\"1693531029002\" \/><\/a><\/li><li class=\"isotope-item\"><a class=\"\" href=\"https:\/\/www.prolococastellanagrotte.it\/wp-content\/uploads\/2023\/11\/3-1024x771.jpg\" data-lightbox=\"lightbox[rel-1263-3522425936]\"><img loading=\"lazy\" decoding=\"async\" class=\"\" src=\"https:\/\/www.prolococastellanagrotte.it\/wp-content\/uploads\/2023\/11\/3-400x400.jpg\" width=\"400\" height=\"400\" alt=\"3\" title=\"3\" \/><\/a><\/li><li class=\"isotope-item\"><a class=\"\" href=\"https:\/\/www.prolococastellanagrotte.it\/wp-content\/uploads\/2023\/11\/4-1024x771.jpg\" data-lightbox=\"lightbox[rel-1263-3522425936]\"><img loading=\"lazy\" decoding=\"async\" class=\"\" src=\"https:\/\/www.prolococastellanagrotte.it\/wp-content\/uploads\/2023\/11\/4-400x400.jpg\" width=\"400\" height=\"400\" alt=\"4\" title=\"4\" \/><\/a><\/li><li class=\"isotope-item\"><a class=\"\" href=\"https:\/\/www.prolococastellanagrotte.it\/wp-content\/uploads\/2024\/10\/1722179780727-771x1024.jpg\" data-lightbox=\"lightbox[rel-1263-3522425936]\"><img loading=\"lazy\" decoding=\"async\" class=\"\" src=\"https:\/\/www.prolococastellanagrotte.it\/wp-content\/uploads\/2024\/10\/1722179780727-400x400.jpg\" width=\"400\" height=\"400\" alt=\"1722179780727\" title=\"1722179780727\" \/><\/a><\/li><li class=\"isotope-item\"><a class=\"\" href=\"https:\/\/www.prolococastellanagrotte.it\/wp-content\/uploads\/2023\/11\/6-771x1024.jpg\" data-lightbox=\"lightbox[rel-1263-3522425936]\"><img loading=\"lazy\" decoding=\"async\" class=\"\" src=\"https:\/\/www.prolococastellanagrotte.it\/wp-content\/uploads\/2023\/11\/6-400x400.jpg\" width=\"400\" height=\"400\" alt=\"6\" title=\"6\" \/><\/a><\/li><li class=\"isotope-item\"><a class=\"\" href=\"https:\/\/www.prolococastellanagrotte.it\/wp-content\/uploads\/2023\/11\/1-1024x771.jpg\" data-lightbox=\"lightbox[rel-1263-3522425936]\"><img loading=\"lazy\" decoding=\"async\" class=\"\" src=\"https:\/\/www.prolococastellanagrotte.it\/wp-content\/uploads\/2023\/11\/1-400x400.jpg\" width=\"400\" height=\"400\" alt=\"1\" title=\"1\" \/><\/a><\/li><li class=\"isotope-item\"><a class=\"\" href=\"https:\/\/www.prolococastellanagrotte.it\/wp-content\/uploads\/2023\/11\/5-1024x771.jpg\" data-lightbox=\"lightbox[rel-1263-3522425936]\"><img loading=\"lazy\" decoding=\"async\" class=\"\" src=\"https:\/\/www.prolococastellanagrotte.it\/wp-content\/uploads\/2023\/11\/5-400x400.jpg\" width=\"400\" height=\"400\" alt=\"5\" title=\"5\" \/><\/a><\/li><li class=\"isotope-item\"><a class=\"\" href=\"https:\/\/www.prolococastellanagrotte.it\/wp-content\/uploads\/2023\/06\/masseria2-1024x682.jpg\" data-lightbox=\"lightbox[rel-1263-3522425936]\"><img loading=\"lazy\" decoding=\"async\" class=\"\" src=\"https:\/\/www.prolococastellanagrotte.it\/wp-content\/uploads\/2023\/06\/masseria2-400x400.jpg\" width=\"400\" height=\"400\" alt=\"masseria2\" title=\"masseria2\" \/><\/a><\/li><li class=\"isotope-item\"><a class=\"\" href=\"https:\/\/www.prolococastellanagrotte.it\/wp-content\/uploads\/2024\/10\/1722707842361-768x1024.jpg\" data-lightbox=\"lightbox[rel-1263-3522425936]\"><img loading=\"lazy\" decoding=\"async\" class=\"\" src=\"https:\/\/www.prolococastellanagrotte.it\/wp-content\/uploads\/2024\/10\/1722707842361-400x400.jpg\" width=\"400\" height=\"400\" alt=\"1722707842361\" title=\"1722707842361\" \/><\/a><\/li><\/ul><\/div><\/div><\/div><\/div><\/div><\/div><div class=\"wpb_column vc_column_container vc_col-sm-2\"><div class=\"vc_column-inner\"><div class=\"wpb_wrapper\"><\/div><\/div><\/div><\/div><div class=\"vc_row wpb_row vc_row-fluid\"><div class=\"wpb_column vc_column_container vc_col-sm-12\"><div class=\"vc_column-inner\"><div class=\"wpb_wrapper\">\n\t<div class=\"wpb_text_column wpb_content_element\" >\n\t\t<div class=\"wpb_wrapper\">\n\t\t\t<p style=\"text-align: center;\"><span style=\"font-size: 18pt;\">O\u00d9 NOUS SOMMES<br \/>\n<\/span><\/p>\n\n\t\t<\/div>\n\t<\/div>\n<\/div><\/div><\/div><\/div><div class=\"vc_row wpb_row vc_row-fluid\"><div class=\"wpb_column vc_column_container vc_col-sm-2\"><div class=\"vc_column-inner\"><div class=\"wpb_wrapper\"><\/div><\/div><\/div><div class=\"wpb_column vc_column_container vc_col-sm-8\"><div class=\"vc_column-inner\"><div class=\"wpb_wrapper\"><div class=\"wpb_gmaps_widget wpb_content_element\"><div class=\"wpb_wrapper\"><div class=\"wpb_map_wraper\"><iframe src=\"https:\/\/www.google.com\/maps\/embed?pb=!1m17!1m12!1m3!1d1508.4494464512732!2d17.144362549318256!3d40.87409300254223!2m3!1f0!2f0!3f0!3m2!1i1024!2i768!4f13.1!3m2!1m1!2zNDDCsDUyJzI2LjciTiAxN8KwMDgnNDguNSJF!5e0!3m2!1sit!2sit!4v1688050903561!5m2!1sit!2sit\" width=\"auto\" height=\"450\" style=\"border:0;\" allowfullscreen=\"\" loading=\"lazy\" referrerpolicy=\"no-referrer-when-downgrade\"><\/iframe><\/div><\/div><\/div><\/div><\/div><\/div><div class=\"wpb_column vc_column_container vc_col-sm-2\"><div class=\"vc_column-inner\"><div class=\"wpb_wrapper\"><\/div><\/div><\/div><\/div>","protected":false},"excerpt":{"rendered":"A pochi passi dalle Grotte di Castellana (Ba), gettonata meta turistica, uno scrigno di storia, si tratta della Masseria Andriani, in contrada Grave, strada comunale Ferrone al civico 10. La locale Pro Loco \"Don Nicola Pellegrino\", dal marzo 2023 ha scelto di riaprire i cancelli di un luogo simbolo che<div class=\"re-read-more\"><a class=\"read-more\" href=\"https:\/\/www.prolococastellanagrotte.it\/fr\/masseria-andriani\/\">En savoir plus...<\/a><\/div>","protected":false},"author":1,"featured_media":0,"parent":0,"menu_order":0,"comment_status":"closed","ping_status":"closed","template":"full-width.php","meta":{"footnotes":""},"class_list":["post-1263","page","type-page","status-publish","hentry"],"yoast_head":"<!-- This site is optimized with the Yoast SEO plugin v27.3 - https:\/\/yoast.com\/product\/yoast-seo-wordpress\/ -->\n<title>Masseria Andriani - Pro Loco Castellana Grotte | Don Nicola Pellegrino<\/title>\n<meta name=\"robots\" content=\"index, follow, max-snippet:-1, max-image-preview:large, max-video-preview:-1\" \/>\n<link rel=\"canonical\" href=\"https:\/\/www.prolococastellanagrotte.it\/fr\/masseria-andriani\/\" \/>\n<meta property=\"og:locale\" content=\"fr_FR\" \/>\n<meta property=\"og:type\" content=\"article\" \/>\n<meta property=\"og:title\" content=\"Masseria Andriani - Pro Loco Castellana Grotte | Don Nicola Pellegrino\" \/>\n<meta property=\"og:url\" content=\"https:\/\/www.prolococastellanagrotte.it\/fr\/masseria-andriani\/\" \/>\n<meta property=\"og:site_name\" content=\"Pro Loco Castellana Grotte | Don Nicola Pellegrino\" \/>\n<meta property=\"article:modified_time\" content=\"2024-10-30T11:04:11+00:00\" \/>\n<meta name=\"twitter:card\" content=\"summary_large_image\" \/>\n<meta name=\"twitter:label1\" content=\"Dur\u00e9e de lecture estim\u00e9e\" \/>\n\t<meta name=\"twitter:data1\" content=\"2 minutes\" \/>\n<script type=\"application\/ld+json\" class=\"yoast-schema-graph\">{\"@context\":\"https:\\\/\\\/schema.org\",\"@graph\":[{\"@type\":\"WebPage\",\"@id\":\"https:\\\/\\\/www.prolococastellanagrotte.it\\\/masseria-andriani\\\/\",\"url\":\"https:\\\/\\\/www.prolococastellanagrotte.it\\\/masseria-andriani\\\/\",\"name\":\"Masseria Andriani - Pro Loco Castellana Grotte | Don Nicola Pellegrino\",\"isPartOf\":{\"@id\":\"https:\\\/\\\/www.prolococastellanagrotte.it\\\/#website\"},\"datePublished\":\"2023-06-29T15:00:24+00:00\",\"dateModified\":\"2024-10-30T11:04:11+00:00\",\"breadcrumb\":{\"@id\":\"https:\\\/\\\/www.prolococastellanagrotte.it\\\/masseria-andriani\\\/#breadcrumb\"},\"inLanguage\":\"fr-FR\",\"potentialAction\":[{\"@type\":\"ReadAction\",\"target\":[\"https:\\\/\\\/www.prolococastellanagrotte.it\\\/masseria-andriani\\\/\"]}]},{\"@type\":\"BreadcrumbList\",\"@id\":\"https:\\\/\\\/www.prolococastellanagrotte.it\\\/masseria-andriani\\\/#breadcrumb\",\"itemListElement\":[{\"@type\":\"ListItem\",\"position\":1,\"name\":\"Home\",\"item\":\"https:\\\/\\\/www.prolococastellanagrotte.it\\\/\"},{\"@type\":\"ListItem\",\"position\":2,\"name\":\"Masseria Andriani\"}]},{\"@type\":\"WebSite\",\"@id\":\"https:\\\/\\\/www.prolococastellanagrotte.it\\\/#website\",\"url\":\"https:\\\/\\\/www.prolococastellanagrotte.it\\\/\",\"name\":\"Pro Loco Castellana Grotte | Don Nicola Pellegrino\",\"description\":\"\",\"publisher\":{\"@id\":\"https:\\\/\\\/www.prolococastellanagrotte.it\\\/#organization\"},\"potentialAction\":[{\"@type\":\"SearchAction\",\"target\":{\"@type\":\"EntryPoint\",\"urlTemplate\":\"https:\\\/\\\/www.prolococastellanagrotte.it\\\/?s={search_term_string}\"},\"query-input\":{\"@type\":\"PropertyValueSpecification\",\"valueRequired\":true,\"valueName\":\"search_term_string\"}}],\"inLanguage\":\"fr-FR\"},{\"@type\":\"Organization\",\"@id\":\"https:\\\/\\\/www.prolococastellanagrotte.it\\\/#organization\",\"name\":\"Pro Loco Castellana Grotte | Don Nicola Pellegrino\",\"url\":\"https:\\\/\\\/www.prolococastellanagrotte.it\\\/\",\"logo\":{\"@type\":\"ImageObject\",\"inLanguage\":\"fr-FR\",\"@id\":\"https:\\\/\\\/www.prolococastellanagrotte.it\\\/#\\\/schema\\\/logo\\\/image\\\/\",\"url\":\"https:\\\/\\\/www.prolococastellanagrotte.it\\\/wp-content\\\/uploads\\\/2021\\\/11\\\/cropped-logos_definitivo.png\",\"contentUrl\":\"https:\\\/\\\/www.prolococastellanagrotte.it\\\/wp-content\\\/uploads\\\/2021\\\/11\\\/cropped-logos_definitivo.png\",\"width\":300,\"height\":157,\"caption\":\"Pro Loco Castellana Grotte | Don Nicola Pellegrino\"},\"image\":{\"@id\":\"https:\\\/\\\/www.prolococastellanagrotte.it\\\/#\\\/schema\\\/logo\\\/image\\\/\"}}]}<\/script>\n<!-- \/ Yoast SEO plugin. -->","yoast_head_json":{"title":"Masseria Andriani - Pro Loco Castellana Grotte | Don Nicola Pellegrino","robots":{"index":"index","follow":"follow","max-snippet":"max-snippet:-1","max-image-preview":"max-image-preview:large","max-video-preview":"max-video-preview:-1"},"canonical":"https:\/\/www.prolococastellanagrotte.it\/fr\/masseria-andriani\/","og_locale":"fr_FR","og_type":"article","og_title":"Masseria Andriani - Pro Loco Castellana Grotte | Don Nicola Pellegrino","og_url":"https:\/\/www.prolococastellanagrotte.it\/fr\/masseria-andriani\/","og_site_name":"Pro Loco Castellana Grotte | Don Nicola Pellegrino","article_modified_time":"2024-10-30T11:04:11+00:00","twitter_card":"summary_large_image","twitter_misc":{"Dur\u00e9e de lecture estim\u00e9e":"2 minutes"},"schema":{"@context":"https:\/\/schema.org","@graph":[{"@type":"WebPage","@id":"https:\/\/www.prolococastellanagrotte.it\/masseria-andriani\/","url":"https:\/\/www.prolococastellanagrotte.it\/masseria-andriani\/","name":"Masseria Andriani - Pro Loco Castellana Grotte | Don Nicola Pellegrino","isPartOf":{"@id":"https:\/\/www.prolococastellanagrotte.it\/#website"},"datePublished":"2023-06-29T15:00:24+00:00","dateModified":"2024-10-30T11:04:11+00:00","breadcrumb":{"@id":"https:\/\/www.prolococastellanagrotte.it\/masseria-andriani\/#breadcrumb"},"inLanguage":"fr-FR","potentialAction":[{"@type":"ReadAction","target":["https:\/\/www.prolococastellanagrotte.it\/masseria-andriani\/"]}]},{"@type":"BreadcrumbList","@id":"https:\/\/www.prolococastellanagrotte.it\/masseria-andriani\/#breadcrumb","itemListElement":[{"@type":"ListItem","position":1,"name":"Home","item":"https:\/\/www.prolococastellanagrotte.it\/"},{"@type":"ListItem","position":2,"name":"Masseria Andriani"}]},{"@type":"WebSite","@id":"https:\/\/www.prolococastellanagrotte.it\/#website","url":"https:\/\/www.prolococastellanagrotte.it\/","name":"Pro Loco Castellana Grotte | Don Nicola Pellegrino","description":"","publisher":{"@id":"https:\/\/www.prolococastellanagrotte.it\/#organization"},"potentialAction":[{"@type":"SearchAction","target":{"@type":"EntryPoint","urlTemplate":"https:\/\/www.prolococastellanagrotte.it\/?s={search_term_string}"},"query-input":{"@type":"PropertyValueSpecification","valueRequired":true,"valueName":"search_term_string"}}],"inLanguage":"fr-FR"},{"@type":"Organization","@id":"https:\/\/www.prolococastellanagrotte.it\/#organization","name":"Pro Loco Castellana Grotte | Don Nicola Pellegrino","url":"https:\/\/www.prolococastellanagrotte.it\/","logo":{"@type":"ImageObject","inLanguage":"fr-FR","@id":"https:\/\/www.prolococastellanagrotte.it\/#\/schema\/logo\/image\/","url":"https:\/\/www.prolococastellanagrotte.it\/wp-content\/uploads\/2021\/11\/cropped-logos_definitivo.png","contentUrl":"https:\/\/www.prolococastellanagrotte.it\/wp-content\/uploads\/2021\/11\/cropped-logos_definitivo.png","width":300,"height":157,"caption":"Pro Loco Castellana Grotte | Don Nicola Pellegrino"},"image":{"@id":"https:\/\/www.prolococastellanagrotte.it\/#\/schema\/logo\/image\/"}}]}},"_links":{"self":[{"href":"https:\/\/www.prolococastellanagrotte.it\/fr\/wp-json\/wp\/v2\/pages\/1263","targetHints":{"allow":["GET"]}}],"collection":[{"href":"https:\/\/www.prolococastellanagrotte.it\/fr\/wp-json\/wp\/v2\/pages"}],"about":[{"href":"https:\/\/www.prolococastellanagrotte.it\/fr\/wp-json\/wp\/v2\/types\/page"}],"author":[{"embeddable":true,"href":"https:\/\/www.prolococastellanagrotte.it\/fr\/wp-json\/wp\/v2\/users\/1"}],"replies":[{"embeddable":true,"href":"https:\/\/www.prolococastellanagrotte.it\/fr\/wp-json\/wp\/v2\/comments?post=1263"}],"version-history":[{"count":40,"href":"https:\/\/www.prolococastellanagrotte.it\/fr\/wp-json\/wp\/v2\/pages\/1263\/revisions"}],"predecessor-version":[{"id":2036,"href":"https:\/\/www.prolococastellanagrotte.it\/fr\/wp-json\/wp\/v2\/pages\/1263\/revisions\/2036"}],"wp:attachment":[{"href":"https:\/\/www.prolococastellanagrotte.it\/fr\/wp-json\/wp\/v2\/media?parent=1263"}],"curies":[{"name":"wp","href":"https:\/\/api.w.org\/{rel}","templated":true}]}}